{"id":15398,"date":"2023-10-16T15:49:29","date_gmt":"2023-10-16T12:49:29","guid":{"rendered":"https:\/\/regnummetal.com\/serie-afrodita\/"},"modified":"2024-04-19T15:26:00","modified_gmt":"2024-04-19T12:26:00","slug":"serie-afrodita","status":"publish","type":"page","link":"https:\/\/regnummetal.com\/es\/serie-afrodita\/","title":{"rendered":"Colecci\u00f3n Aphrodite"},"content":{"rendered":"\t\t<div data-elementor-type=\"wp-page\" data-elementor-id=\"15398\" class=\"elementor elementor-15398 elementor-13991\" data-elementor-post-type=\"page\">\n\t\t\t\t<div class=\"elementor-element elementor-element-471c0d3 e-con-full e-flex e-con e-parent\" data-id=\"471c0d3\" data-element_type=\"container\" data-settings=\"{&quot;background_background&quot;:&quot;classic&quot;}\">\n\t\t\t\t<div class=\"elementor-element elementor-element-8f7cce7 elementor-widget elementor-widget-pix-sliding-text\" data-id=\"8f7cce7\" data-element_type=\"widget\" data-widget_type=\"pix-sliding-text.default\">\n\t\t\t\t<div class=\"elementor-widget-container\">\n\t\t\t<div id=\"sliding-text-178063300\" class=\"mb-3 text-center \"><h2 class=\"mb-32 pix-sliding-headline-2 animate-in display-4 \" data-anim-type=\"pix-sliding-text\" pix-anim-delay=\"500\" data-class=\" text-white\" style=\"\"><span class=\"slide-in-container \"><span class=\"pix-sliding-item  text-white\" style=\"transition-delay: 0ms;\">Colecci\u00f3n&#32;<\/span><\/span> <span class=\"slide-in-container \"><span class=\"pix-sliding-item  text-white\" style=\"transition-delay: 0ms;\">Aphrodite&#32;<\/span><\/span> <\/h2><\/div>\t\t<\/div>\n\t\t\t\t<\/div>\n\t\t\t\t<div class=\"elementor-element elementor-element-c0a8ea9 elementor-widget__width-initial elementor-invisible elementor-widget elementor-widget-pix-text\" data-id=\"c0a8ea9\" data-element_type=\"widget\" data-widget_type=\"pix-text.default\">\n\t\t\t\t<div class=\"elementor-widget-container\">\n\t\t\t<div class=\"pix-el-text w-100 text-center \" ><p class=\"text-20 resp-option text-white text-center \" ><span class=\"text-white animate-in d-inline-block\" data-anim-delay=\"300\" data-anim-type=\"fade-in-up\">Dise\u00f1o \u00fanico de 2 capas<\/span><\/p><\/div>\t\t<\/div>\n\t\t\t\t<\/div>\n\t\t\t\t<\/div>\n\t\t\t\t<section class=\"elementor-section elementor-top-section elementor-element elementor-element-42b0cd7 elementor-section-stretched elementor-section-boxed elementor-section-height-default elementor-section-height-default\" data-id=\"42b0cd7\" data-element_type=\"section\" data-settings=\"{&quot;stretch_section&quot;:&quot;section-stretched&quot;,&quot;background_background&quot;:&quot;classic&quot;}\">\n\t\t\t\t\t\t<div class=\"elementor-container elementor-column-gap-default\">\n\t\t\t\t\t<div class=\"elementor-column elementor-col-100 elementor-top-column elementor-element elementor-element-707f7e1\" data-id=\"707f7e1\" data-element_type=\"column\">\n\t\t\t<div class=\"elementor-widget-wrap elementor-element-populated\">\n\t\t\t\t\t\t<div class=\"elementor-element elementor-element-87171e5 elementor-product-loop-item--align-center elementor-grid-4 elementor-grid-tablet-3 elementor-grid-mobile-2 elementor-products-grid elementor-wc-products elementor-widget elementor-widget-woocommerce-products\" data-id=\"87171e5\" data-element_type=\"widget\" data-widget_type=\"woocommerce-products.default\">\n\t\t\t\t<div class=\"elementor-widget-container\">\n\t\t\t<link rel=\"stylesheet\" href=\"https:\/\/regnummetal.com\/wp-content\/plugins\/elementor-pro\/assets\/css\/widget-woocommerce.min.css\"><div class=\"woocommerce columns-4 \"><ul class=\"products elementor-grid columns-4\">\n<li class=\"product type-product post-16795 status-publish first instock product_cat-base-y-patas-del-sofa product_cat-disenos-especiales product_cat-material-dkp product_tag-coleccion-afrodita has-post-thumbnail shipping-taxable product-type-simple\">\n\t<div class=\"pix-product-item bg-white shadow-sm fly shadow-hover-sm rounded-lg\">\n\n\t\t\n\t\t<div class=\"pix-p-20\">\n\n\t\t\t<div class=\"d-flex align-items-center\">\n\t\t\t\t<div class=\"flex-fill\">\n\t\t\t\t\t<a href=\"https:\/\/regnummetal.com\/es\/producto\/afrodite-modelo-a\/\"  class=\"secondary-font font-weight-bold text-heading-default p-0 align-self-center\">AFRODITE MODELO A<\/a>\n\t\t\t\t<\/div>\n\t\t\t\t\t\t\t<\/div>\n\t\t\t<div class=\"pix-item-badges\">\n\t\t\t<a href=\"https:\/\/regnummetal.com\/es\/categoria\/base-y-patas-del-sofa\/\" target=\"_self\"><span class=\"pix-badge-element custom d-inline-block mr-1 \"  ><span class=\"badge font-weight-bold bg-dark-opacity-05  wc-single-product-cats\" style=\"font-size:12px; \"><span class=\"text-gray-5\" style=\"\">Base y patas del sof\u00e1<\/span><\/span><\/span><\/a><a href=\"https:\/\/regnummetal.com\/es\/categoria\/disenos-especiales\/\" target=\"_self\"><span class=\"pix-badge-element custom d-inline-block mr-1 \"  ><span class=\"badge font-weight-bold bg-dark-opacity-05  wc-single-product-cats\" style=\"font-size:12px; \"><span class=\"text-gray-5\" style=\"\">Dise\u00f1os especiales<\/span><\/span><\/span><\/a><a href=\"https:\/\/regnummetal.com\/es\/categoria\/material-dkp\/\" target=\"_self\"><span class=\"pix-badge-element custom d-inline-block mr-1 \"  ><span class=\"badge font-weight-bold bg-dark-opacity-05  wc-single-product-cats\" style=\"font-size:12px; \"><span class=\"text-gray-5\" style=\"\">Material DKP<\/span><\/span><\/span><\/a>\t\t\t<\/div>\n\t\t<\/div>\n\t\t\t\t<a href=\"https:\/\/regnummetal.com\/es\/producto\/afrodite-modelo-a\/\">\n\t\t\t<div class=\"position-relative overflow-hidden pix-product-img-hover d-block w-100\">\n\t\t\t<img fetchpriority=\"high\" decoding=\"async\" width=\"300\" height=\"300\" src=\"https:\/\/regnummetal.com\/wp-content\/uploads\/2024\/04\/aphrodite-model-a-300x300.jpg\" class=\"attachment-woocommerce_thumbnail size-woocommerce_thumbnail\" alt=\"Aphrodite Model A\" srcset=\"https:\/\/regnummetal.com\/wp-content\/uploads\/2024\/04\/aphrodite-model-a-300x300.jpg 300w, https:\/\/regnummetal.com\/wp-content\/uploads\/2024\/04\/aphrodite-model-a-100x100.jpg 100w, https:\/\/regnummetal.com\/wp-content\/uploads\/2024\/04\/aphrodite-model-a-600x600.jpg 600w, https:\/\/regnummetal.com\/wp-content\/uploads\/2024\/04\/aphrodite-model-a-1024x1024.jpg 1024w, https:\/\/regnummetal.com\/wp-content\/uploads\/2024\/04\/aphrodite-model-a-150x150.jpg 150w, https:\/\/regnummetal.com\/wp-content\/uploads\/2024\/04\/aphrodite-model-a-768x768.jpg 768w, https:\/\/regnummetal.com\/wp-content\/uploads\/2024\/04\/aphrodite-model-a-400x400.jpg 400w, https:\/\/regnummetal.com\/wp-content\/uploads\/2024\/04\/aphrodite-model-a-75x75.jpg 75w, https:\/\/regnummetal.com\/wp-content\/uploads\/2024\/04\/aphrodite-model-a-460x460.jpg 460w, https:\/\/regnummetal.com\/wp-content\/uploads\/2024\/04\/aphrodite-model-a.jpg 1200w\" sizes=\"(max-width: 300px) 100vw, 300px\" \/>\t\t\t<\/div>\n\t\t<\/a>\n\n\t\t\t\t<div class=\"d-flex align-items-center pix-p-20\">\n\t\t\t<div class=\"flex-fill \">\n\t\t\t\t<div class=\"pix-product-price\">\n\t\t\t\t\t\n\t\t\t\t<\/div>\n\t\t\t\t<div class=\"pix-product-rating\">\n\t\t\t\t\t\t\t\t\t<\/div>\n\t\t\t<\/div>\n\t\t\t\t\t<\/div>\n\t<\/div>\n<\/li>\n<li class=\"product type-product post-16796 status-publish instock product_cat-base-y-patas-del-sofa product_cat-disenos-especiales product_cat-material-dkp product_tag-coleccion-afrodita has-post-thumbnail shipping-taxable product-type-simple\">\n\t<div class=\"pix-product-item bg-white shadow-sm fly shadow-hover-sm rounded-lg\">\n\n\t\t\n\t\t<div class=\"pix-p-20\">\n\n\t\t\t<div class=\"d-flex align-items-center\">\n\t\t\t\t<div class=\"flex-fill\">\n\t\t\t\t\t<a href=\"https:\/\/regnummetal.com\/es\/producto\/afrodite-modelo-b\/\"  class=\"secondary-font font-weight-bold text-heading-default p-0 align-self-center\">AFRODITE MODELO B<\/a>\n\t\t\t\t<\/div>\n\t\t\t\t\t\t\t<\/div>\n\t\t\t<div class=\"pix-item-badges\">\n\t\t\t<a href=\"https:\/\/regnummetal.com\/es\/categoria\/base-y-patas-del-sofa\/\" target=\"_self\"><span class=\"pix-badge-element custom d-inline-block mr-1 \"  ><span class=\"badge font-weight-bold bg-dark-opacity-05  wc-single-product-cats\" style=\"font-size:12px; \"><span class=\"text-gray-5\" style=\"\">Base y patas del sof\u00e1<\/span><\/span><\/span><\/a><a href=\"https:\/\/regnummetal.com\/es\/categoria\/disenos-especiales\/\" target=\"_self\"><span class=\"pix-badge-element custom d-inline-block mr-1 \"  ><span class=\"badge font-weight-bold bg-dark-opacity-05  wc-single-product-cats\" style=\"font-size:12px; \"><span class=\"text-gray-5\" style=\"\">Dise\u00f1os especiales<\/span><\/span><\/span><\/a><a href=\"https:\/\/regnummetal.com\/es\/categoria\/material-dkp\/\" target=\"_self\"><span class=\"pix-badge-element custom d-inline-block mr-1 \"  ><span class=\"badge font-weight-bold bg-dark-opacity-05  wc-single-product-cats\" style=\"font-size:12px; \"><span class=\"text-gray-5\" style=\"\">Material DKP<\/span><\/span><\/span><\/a>\t\t\t<\/div>\n\t\t<\/div>\n\t\t\t\t<a href=\"https:\/\/regnummetal.com\/es\/producto\/afrodite-modelo-b\/\">\n\t\t\t<div class=\"position-relative overflow-hidden pix-product-img-hover d-block w-100\">\n\t\t\t<img decoding=\"async\" width=\"300\" height=\"300\" src=\"https:\/\/regnummetal.com\/wp-content\/uploads\/2024\/04\/aphrodite-model-b-300x300.jpeg\" class=\"attachment-woocommerce_thumbnail size-woocommerce_thumbnail\" alt=\"\" srcset=\"https:\/\/regnummetal.com\/wp-content\/uploads\/2024\/04\/aphrodite-model-b-300x300.jpeg 300w, https:\/\/regnummetal.com\/wp-content\/uploads\/2024\/04\/aphrodite-model-b-100x100.jpeg 100w, https:\/\/regnummetal.com\/wp-content\/uploads\/2024\/04\/aphrodite-model-b-600x600.jpeg 600w, https:\/\/regnummetal.com\/wp-content\/uploads\/2024\/04\/aphrodite-model-b-1024x1024.jpeg 1024w, https:\/\/regnummetal.com\/wp-content\/uploads\/2024\/04\/aphrodite-model-b-150x150.jpeg 150w, https:\/\/regnummetal.com\/wp-content\/uploads\/2024\/04\/aphrodite-model-b-768x768.jpeg 768w, https:\/\/regnummetal.com\/wp-content\/uploads\/2024\/04\/aphrodite-model-b-400x400.jpeg 400w, https:\/\/regnummetal.com\/wp-content\/uploads\/2024\/04\/aphrodite-model-b-75x75.jpeg 75w, https:\/\/regnummetal.com\/wp-content\/uploads\/2024\/04\/aphrodite-model-b-460x460.jpeg 460w, https:\/\/regnummetal.com\/wp-content\/uploads\/2024\/04\/aphrodite-model-b.jpeg 1200w\" sizes=\"(max-width: 300px) 100vw, 300px\" \/>\t\t\t<\/div>\n\t\t<\/a>\n\n\t\t\t\t<div class=\"d-flex align-items-center pix-p-20\">\n\t\t\t<div class=\"flex-fill \">\n\t\t\t\t<div class=\"pix-product-price\">\n\t\t\t\t\t\n\t\t\t\t<\/div>\n\t\t\t\t<div class=\"pix-product-rating\">\n\t\t\t\t\t\t\t\t\t<\/div>\n\t\t\t<\/div>\n\t\t\t\t\t<\/div>\n\t<\/div>\n<\/li>\n<li class=\"product type-product post-16797 status-publish instock product_cat-base-y-patas-del-sofa product_cat-disenos-especiales product_cat-material-dkp product_tag-coleccion-afrodita has-post-thumbnail shipping-taxable product-type-simple\">\n\t<div class=\"pix-product-item bg-white shadow-sm fly shadow-hover-sm rounded-lg\">\n\n\t\t\n\t\t<div class=\"pix-p-20\">\n\n\t\t\t<div class=\"d-flex align-items-center\">\n\t\t\t\t<div class=\"flex-fill\">\n\t\t\t\t\t<a href=\"https:\/\/regnummetal.com\/es\/producto\/hermes-modelo-a\/\"  class=\"secondary-font font-weight-bold text-heading-default p-0 align-self-center\">HERMES MODELO A<\/a>\n\t\t\t\t<\/div>\n\t\t\t\t\t\t\t<\/div>\n\t\t\t<div class=\"pix-item-badges\">\n\t\t\t<a href=\"https:\/\/regnummetal.com\/es\/categoria\/base-y-patas-del-sofa\/\" target=\"_self\"><span class=\"pix-badge-element custom d-inline-block mr-1 \"  ><span class=\"badge font-weight-bold bg-dark-opacity-05  wc-single-product-cats\" style=\"font-size:12px; \"><span class=\"text-gray-5\" style=\"\">Base y patas del sof\u00e1<\/span><\/span><\/span><\/a><a href=\"https:\/\/regnummetal.com\/es\/categoria\/disenos-especiales\/\" target=\"_self\"><span class=\"pix-badge-element custom d-inline-block mr-1 \"  ><span class=\"badge font-weight-bold bg-dark-opacity-05  wc-single-product-cats\" style=\"font-size:12px; \"><span class=\"text-gray-5\" style=\"\">Dise\u00f1os especiales<\/span><\/span><\/span><\/a><a href=\"https:\/\/regnummetal.com\/es\/categoria\/material-dkp\/\" target=\"_self\"><span class=\"pix-badge-element custom d-inline-block mr-1 \"  ><span class=\"badge font-weight-bold bg-dark-opacity-05  wc-single-product-cats\" style=\"font-size:12px; \"><span class=\"text-gray-5\" style=\"\">Material DKP<\/span><\/span><\/span><\/a>\t\t\t<\/div>\n\t\t<\/div>\n\t\t\t\t<a href=\"https:\/\/regnummetal.com\/es\/producto\/hermes-modelo-a\/\">\n\t\t\t<div class=\"position-relative overflow-hidden pix-product-img-hover d-block w-100\">\n\t\t\t<img decoding=\"async\" width=\"300\" height=\"300\" src=\"https:\/\/regnummetal.com\/wp-content\/uploads\/2024\/04\/hermes-model-a-300x300.jpeg\" class=\"attachment-woocommerce_thumbnail size-woocommerce_thumbnail\" alt=\"\" srcset=\"https:\/\/regnummetal.com\/wp-content\/uploads\/2024\/04\/hermes-model-a-300x300.jpeg 300w, https:\/\/regnummetal.com\/wp-content\/uploads\/2024\/04\/hermes-model-a-100x100.jpeg 100w, https:\/\/regnummetal.com\/wp-content\/uploads\/2024\/04\/hermes-model-a-600x600.jpeg 600w, https:\/\/regnummetal.com\/wp-content\/uploads\/2024\/04\/hermes-model-a-1024x1024.jpeg 1024w, https:\/\/regnummetal.com\/wp-content\/uploads\/2024\/04\/hermes-model-a-150x150.jpeg 150w, https:\/\/regnummetal.com\/wp-content\/uploads\/2024\/04\/hermes-model-a-768x768.jpeg 768w, https:\/\/regnummetal.com\/wp-content\/uploads\/2024\/04\/hermes-model-a-400x400.jpeg 400w, https:\/\/regnummetal.com\/wp-content\/uploads\/2024\/04\/hermes-model-a-75x75.jpeg 75w, https:\/\/regnummetal.com\/wp-content\/uploads\/2024\/04\/hermes-model-a-460x460.jpeg 460w, https:\/\/regnummetal.com\/wp-content\/uploads\/2024\/04\/hermes-model-a.jpeg 1200w\" sizes=\"(max-width: 300px) 100vw, 300px\" \/>\t\t\t<\/div>\n\t\t<\/a>\n\n\t\t\t\t<div class=\"d-flex align-items-center pix-p-20\">\n\t\t\t<div class=\"flex-fill \">\n\t\t\t\t<div class=\"pix-product-price\">\n\t\t\t\t\t\n\t\t\t\t<\/div>\n\t\t\t\t<div class=\"pix-product-rating\">\n\t\t\t\t\t\t\t\t\t<\/div>\n\t\t\t<\/div>\n\t\t\t\t\t<\/div>\n\t<\/div>\n<\/li>\n<li class=\"product type-product post-16798 status-publish last instock product_cat-base-y-patas-del-sofa product_cat-disenos-especiales product_cat-material-dkp product_tag-coleccion-afrodita has-post-thumbnail shipping-taxable product-type-simple\">\n\t<div class=\"pix-product-item bg-white shadow-sm fly shadow-hover-sm rounded-lg\">\n\n\t\t\n\t\t<div class=\"pix-p-20\">\n\n\t\t\t<div class=\"d-flex align-items-center\">\n\t\t\t\t<div class=\"flex-fill\">\n\t\t\t\t\t<a href=\"https:\/\/regnummetal.com\/es\/producto\/hermes-modelo-b\/\"  class=\"secondary-font font-weight-bold text-heading-default p-0 align-self-center\">HERMES MODELO B<\/a>\n\t\t\t\t<\/div>\n\t\t\t\t\t\t\t<\/div>\n\t\t\t<div class=\"pix-item-badges\">\n\t\t\t<a href=\"https:\/\/regnummetal.com\/es\/categoria\/base-y-patas-del-sofa\/\" target=\"_self\"><span class=\"pix-badge-element custom d-inline-block mr-1 \"  ><span class=\"badge font-weight-bold bg-dark-opacity-05  wc-single-product-cats\" style=\"font-size:12px; \"><span class=\"text-gray-5\" style=\"\">Base y patas del sof\u00e1<\/span><\/span><\/span><\/a><a href=\"https:\/\/regnummetal.com\/es\/categoria\/disenos-especiales\/\" target=\"_self\"><span class=\"pix-badge-element custom d-inline-block mr-1 \"  ><span class=\"badge font-weight-bold bg-dark-opacity-05  wc-single-product-cats\" style=\"font-size:12px; \"><span class=\"text-gray-5\" style=\"\">Dise\u00f1os especiales<\/span><\/span><\/span><\/a><a href=\"https:\/\/regnummetal.com\/es\/categoria\/material-dkp\/\" target=\"_self\"><span class=\"pix-badge-element custom d-inline-block mr-1 \"  ><span class=\"badge font-weight-bold bg-dark-opacity-05  wc-single-product-cats\" style=\"font-size:12px; \"><span class=\"text-gray-5\" style=\"\">Material DKP<\/span><\/span><\/span><\/a>\t\t\t<\/div>\n\t\t<\/div>\n\t\t\t\t<a href=\"https:\/\/regnummetal.com\/es\/producto\/hermes-modelo-b\/\">\n\t\t\t<div class=\"position-relative overflow-hidden pix-product-img-hover d-block w-100\">\n\t\t\t<img loading=\"lazy\" decoding=\"async\" width=\"300\" height=\"300\" src=\"https:\/\/regnummetal.com\/wp-content\/uploads\/2024\/04\/hermes-model-b-300x300.jpeg\" class=\"attachment-woocommerce_thumbnail size-woocommerce_thumbnail\" alt=\"\" srcset=\"https:\/\/regnummetal.com\/wp-content\/uploads\/2024\/04\/hermes-model-b-300x300.jpeg 300w, https:\/\/regnummetal.com\/wp-content\/uploads\/2024\/04\/hermes-model-b-100x100.jpeg 100w, https:\/\/regnummetal.com\/wp-content\/uploads\/2024\/04\/hermes-model-b-600x600.jpeg 600w, https:\/\/regnummetal.com\/wp-content\/uploads\/2024\/04\/hermes-model-b-1024x1024.jpeg 1024w, https:\/\/regnummetal.com\/wp-content\/uploads\/2024\/04\/hermes-model-b-150x150.jpeg 150w, https:\/\/regnummetal.com\/wp-content\/uploads\/2024\/04\/hermes-model-b-768x768.jpeg 768w, https:\/\/regnummetal.com\/wp-content\/uploads\/2024\/04\/hermes-model-b-400x400.jpeg 400w, https:\/\/regnummetal.com\/wp-content\/uploads\/2024\/04\/hermes-model-b-75x75.jpeg 75w, https:\/\/regnummetal.com\/wp-content\/uploads\/2024\/04\/hermes-model-b-460x460.jpeg 460w, https:\/\/regnummetal.com\/wp-content\/uploads\/2024\/04\/hermes-model-b.jpeg 1200w\" sizes=\"(max-width: 300px) 100vw, 300px\" \/>\t\t\t<\/div>\n\t\t<\/a>\n\n\t\t\t\t<div class=\"d-flex align-items-center pix-p-20\">\n\t\t\t<div class=\"flex-fill \">\n\t\t\t\t<div class=\"pix-product-price\">\n\t\t\t\t\t\n\t\t\t\t<\/div>\n\t\t\t\t<div class=\"pix-product-rating\">\n\t\t\t\t\t\t\t\t\t<\/div>\n\t\t\t<\/div>\n\t\t\t\t\t<\/div>\n\t<\/div>\n<\/li>\n<\/ul>\n<\/div>\t\t<\/div>\n\t\t\t\t<\/div>\n\t\t\t\t\t<\/div>\n\t\t<\/div>\n\t\t\t\t\t<\/div>\n\t\t<\/section>\n\t\t\t\t<\/div>\n\t\t","protected":false},"excerpt":{"rendered":"<p>Colecci\u00f3n&#32; Aphrodite&#32; Dise\u00f1o \u00fanico de 2 capas<\/p>\n","protected":false},"author":5,"featured_media":0,"parent":0,"menu_order":0,"comment_status":"closed","ping_status":"closed","template":"","meta":{"footnotes":""},"_links":{"self":[{"href":"https:\/\/regnummetal.com\/es\/wp-json\/wp\/v2\/pages\/15398"}],"collection":[{"href":"https:\/\/regnummetal.com\/es\/wp-json\/wp\/v2\/pages"}],"about":[{"href":"https:\/\/regnummetal.com\/es\/wp-json\/wp\/v2\/types\/page"}],"author":[{"embeddable":true,"href":"https:\/\/regnummetal.com\/es\/wp-json\/wp\/v2\/users\/5"}],"replies":[{"embeddable":true,"href":"https:\/\/regnummetal.com\/es\/wp-json\/wp\/v2\/comments?post=15398"}],"version-history":[{"count":4,"href":"https:\/\/regnummetal.com\/es\/wp-json\/wp\/v2\/pages\/15398\/revisions"}],"predecessor-version":[{"id":16602,"href":"https:\/\/regnummetal.com\/es\/wp-json\/wp\/v2\/pages\/15398\/revisions\/16602"}],"wp:attachment":[{"href":"https:\/\/regnummetal.com\/es\/wp-json\/wp\/v2\/media?parent=15398"}],"curies":[{"name":"wp","href":"https:\/\/api.w.org\/{rel}","templated":true}]}}